{"id":1349,"date":"2025-12-19T13:24:29","date_gmt":"2025-12-19T21:24:29","guid":{"rendered":"https:\/\/carnivalinus.com\/?page_id=1349"},"modified":"2026-02-12T13:52:03","modified_gmt":"2026-02-12T21:52:03","slug":"medical-bao-hiem-y-te","status":"publish","type":"page","link":"https:\/\/carnivalinus.com\/en\/medical-bao-hiem-y-te\/","title":{"rendered":"Medical Insurance"},"content":{"rendered":"<p style=\"text-align: center;\"><strong>An T\u00e2m Du L\u1ecbch C\u00f9ng B\u1ea3o Hi\u1ec3m Travel Guard (AIG)<\/strong><\/p>\n<p>Khi chu\u1ea9n b\u1ecb cho chuy\u1ebfn \u0111i, vi\u1ec7c b\u1ea3o v\u1ec7 s\u1ee9c kh\u1ecfe v\u00e0 chi ph\u00ed du l\u1ecbch c\u1ee7a qu\u00fd kh\u00e1ch c\u0169ng quan tr\u1ecdng kh\u00f4ng k\u00e9m vi\u1ec7c l\u1ef1a ch\u1ecdn \u0111i\u1ec3m \u0111\u1ebfn. V\u00ec v\u1eady, Carnival US Travel h\u00e2n h\u1ea1nh cung c\u1ea5p c\u00e1c ch\u01b0\u01a1ng tr\u00ecnh b\u1ea3o hi\u1ec3m du l\u1ecbch Travel Guard, \u0111\u01b0\u1ee3c b\u1ea3o tr\u1ee3 b\u1edfi t\u1eadp \u0111o\u00e0n AIG, m\u1ed9t trong nh\u1eefng t\u1eadp \u0111o\u00e0n b\u1ea3o hi\u1ec3m h\u00e0ng \u0111\u1ea7u th\u1ebf gi\u1edbi.<\/p>\n<p>V\u1edbi t\u01b0 c\u00e1ch l\u00e0 \u0111\u01a1n v\u1ecb \u0111\u01b0\u1ee3c \u1ee7y quy\u1ec1n b\u00e1n b\u1ea3o hi\u1ec3m du l\u1ecbch Travel Guard (AIG), Carnival US Travel mang \u0111\u1ebfn c\u00e1c g\u00f3i b\u1ea3o hi\u1ec3m gi\u00fap b\u1ea3o v\u1ec7 qu\u00fd kh\u00e1ch tr\u01b0\u1edbc nh\u1eefng r\u1ee7i ro b\u1ea5t ng\u1edd nh\u01b0 h\u1ee7y ho\u1eb7c gi\u00e1n \u0111o\u1ea1n chuy\u1ebfn \u0111i, s\u1ef1 c\u1ed1 y t\u1ebf khi \u0111ang du l\u1ecbch, v\u1eadn chuy\u1ec3n y t\u1ebf kh\u1ea9n c\u1ea5p v\u00e0 c\u00e1c t\u00ecnh hu\u1ed1ng ph\u00e1t sinh kh\u00e1c theo \u0111i\u1ec1u kho\u1ea3n b\u1ea3o hi\u1ec3m.<\/p>\n<p>D\u00f9 qu\u00fd kh\u00e1ch \u0111i du l\u1ecbch qu\u1ed1c t\u1ebf, h\u00e0nh h\u01b0\u01a1ng, du thuy\u1ec1n hay tham gia tour \u0111o\u00e0n, b\u1ea3o hi\u1ec3m Travel Guard mang l\u1ea1i s\u1ef1 an t\u00e2m \u0111\u1ec3 qu\u00fd kh\u00e1ch t\u1eadn h\u01b0\u1edfng tr\u1ecdn v\u1eb9n h\u00e0nh tr\u00ecnh.<\/p>\n<p>K\u00ednh m\u1eddi qu\u00fd kh\u00e1ch t\u00ecm hi\u1ec3u th\u00eam v\u1ec1 c\u00e1c g\u00f3i b\u1ea3o hi\u1ec3m Travel Guard v\u00e0 l\u1ef1a ch\u1ecdn ch\u01b0\u01a1ng tr\u00ecnh ph\u00f9 h\u1ee3p nh\u1ea5t cho chuy\u1ebfn \u0111i c\u1ee7a m\u00ecnh.<\/p>\n<p>\ud83d\udc49<span style=\"text-decoration: underline;\"><strong> <a href=\"https:\/\/www.travelguard.com\/agentlink.asp?pcode=&amp;ta_arc=05700052&amp;agencyemail=info@carnivalinus.com&amp;ta_initials=Kim\" target=\"_blank\" rel=\"noopener\">[T\u00ecm hi\u1ec3u th\u00eam v\u1ec1 B\u1ea3o Hi\u1ec3m Travel Guard t\u1ea1i \u0111\u00e2y]<\/a><\/strong><\/span><\/p>\n<p style=\"text-align: center;\"><strong>Travel with Confidence \u2013 Travel Guard Insurance by AIG<\/strong><\/p>\n<p>When planning your trip, protecting both your health and your travel investment is just as important as choosing the right destination. That\u2019s why Carnival US Travel is proud to offer Travel Guard travel insurance, backed by AIG, one of the world\u2019s leading insurance providers.<\/p>\n<p>As an authorized seller of Travel Guard (AIG) travel insurance, Carnival US Travel offers plans designed to help protect you against unexpected events such as trip cancellation or interruption, medical emergencies while traveling, emergency medical evacuation, and other covered travel disruptions.<\/p>\n<p>Whether you are traveling internationally, joining a pilgrimage, cruising, or participating in a group tour, Travel Guard insurance provides added peace of mind so you can focus on your journey.<\/p>\n<p>We invite you to learn more about Travel Guard insurance options and choose the plan that best fits your travel needs.<\/p>\n<p>\ud83d\udc49<span style=\"text-decoration: underline;\"><strong> <a href=\"https:\/\/www.travelguard.com\/agentlink.asp?pcode=&amp;ta_arc=05700052&amp;agencyemail=info@carnivalinus.com&amp;ta_initials=Kim\" target=\"_blank\" rel=\"noopener\">[Learn more about Travel Guard Insurance here]<\/a><\/strong><\/span><\/p>\n","protected":false},"excerpt":{"rendered":"<p>An T\u00e2m Du L\u1ecbch C\u00f9ng B\u1ea3o Hi\u1ec3m Travel Guard (AIG) Khi chu\u1ea9n b\u1ecb cho chuy\u1ebfn \u0111i, vi\u1ec7c b\u1ea3o v\u1ec7 s\u1ee9c kh\u1ecfe v\u00e0 chi ph\u00ed du l\u1ecbch c\u1ee7a qu\u00fd kh\u00e1ch c\u0169ng quan tr\u1ecdng kh\u00f4ng k\u00e9m vi\u1ec7c l\u1ef1a ch\u1ecdn \u0111i\u1ec3m \u0111\u1ebfn. V\u00ec v\u1eady, Carnival US Travel h\u00e2n h\u1ea1nh cung c\u1ea5p c\u00e1c ch\u01b0\u01a1ng tr\u00ecnh b\u1ea3o hi\u1ec3m du l\u1ecbch&#8230;<\/p>","protected":false},"author":2,"featured_media":0,"parent":0,"menu_order":0,"comment_status":"closed","ping_status":"closed","template":"","meta":{"nf_dc_page":"","om_disable_all_campaigns":false,"_monsterinsights_skip_tracking":false,"_monsterinsights_sitenote_active":false,"_monsterinsights_sitenote_note":"","_monsterinsights_sitenote_category":0,"footnotes":""},"class_list":["post-1349","page","type-page","status-publish","hentry"],"acf":[],"aioseo_notices":[],"_links":{"self":[{"href":"https:\/\/carnivalinus.com\/en\/wp-json\/wp\/v2\/pages\/1349","targetHints":{"allow":["GET"]}}],"collection":[{"href":"https:\/\/carnivalinus.com\/en\/wp-json\/wp\/v2\/pages"}],"about":[{"href":"https:\/\/carnivalinus.com\/en\/wp-json\/wp\/v2\/types\/page"}],"author":[{"embeddable":true,"href":"https:\/\/carnivalinus.com\/en\/wp-json\/wp\/v2\/users\/2"}],"replies":[{"embeddable":true,"href":"https:\/\/carnivalinus.com\/en\/wp-json\/wp\/v2\/comments?post=1349"}],"version-history":[{"count":4,"href":"https:\/\/carnivalinus.com\/en\/wp-json\/wp\/v2\/pages\/1349\/revisions"}],"predecessor-version":[{"id":1672,"href":"https:\/\/carnivalinus.com\/en\/wp-json\/wp\/v2\/pages\/1349\/revisions\/1672"}],"wp:attachment":[{"href":"https:\/\/carnivalinus.com\/en\/wp-json\/wp\/v2\/media?parent=1349"}],"curies":[{"name":"wp","href":"https:\/\/api.w.org\/{rel}","templated":true}]}}