{"id":1373,"date":"2025-12-19T14:23:36","date_gmt":"2025-12-19T22:23:36","guid":{"rendered":"https:\/\/carnivalinus.com\/?page_id=1373"},"modified":"2025-12-19T15:27:10","modified_gmt":"2025-12-19T23:27:10","slug":"insurance-disclosure-travel-guard-aig","status":"publish","type":"page","link":"https:\/\/carnivalinus.com\/en\/insurance\/insurance-disclosure-travel-guard-aig\/","title":{"rendered":"Insurance Disclosure"},"content":{"rendered":"<p><strong>Legal Information \u2013 Travel Guard Insurance (AIG)<\/strong><\/p>\n<p>Carnival US Travel is an authorized distributor of travel insurance programs issued by National Union Fire Insurance Company of Pittsburgh, PA (a member of American International Group \u2013 AIG) and administered by Travel Guard.<\/p>\n<p>Insurance benefits, coverage limits, and exclusion clauses are governed entirely by the Travel Guard insurance policy issued. Carnival US Travel does not guarantee the approval or payment of claims, as all claims will be reviewed and processed directly by Travel Guard in accordance with the terms of the contract.<\/p>\n<p>The information on this website is intended only to summarize the main benefits of Travel Guard insurance and does not replace the Insurance Certificate or official contract documents. Please read all terms and conditions carefully before making a purchase decision.<\/p>\n<p>Carnival US Travel may receive a commission from the sale of travel insurance products.<\/p>\n<p>\u00a0<\/p>\n<p><strong>Insurance Disclosure \u2013 Travel Guard by AIG<\/strong><\/p>\n<p>Carnival US Travel is an authorized seller of travel insurance plans underwritten by National Union Fire Insurance Company of Pittsburgh, PA, a member company of American International Group, Inc. (AIG), and administered by Travel Guard.<\/p>\n<p>Travel insurance coverage, benefits, limits, and exclusions are governed solely by the terms and conditions of the Travel Guard insurance policy issued. Carnival US Travel does not guarantee approval coverage or claim payment, as all claims are evaluated and processed directly by Travel Guard in accordance with policy provisions.<\/p>\n<p>Information provided on this website is intended to summarize key features of Travel Guard travel insurance plans and does not replace the official policy documents. Travelers are encouraged to review the Certificate of Insurance and policy wording carefully before purchasing.<\/p>\n<p>Carnival US Travel may receive compensation related to the sale of travel insurance products.<\/p>","protected":false},"excerpt":{"rendered":"<p>Th\u00f4ng Tin Ph\u00e1p L\u00fd \u2013 B\u1ea3o Hi\u1ec3m Travel Guard (AIG) Carnival US Travel l\u00e0 \u0111\u01a1n v\u1ecb \u0111\u01b0\u1ee3c \u1ee7y quy\u1ec1n b\u00e1n c\u00e1c ch\u01b0\u01a1ng tr\u00ecnh b\u1ea3o hi\u1ec3m du l\u1ecbch do National Union Fire Insurance Company of Pittsburgh, PA (th\u00e0nh vi\u00ean c\u1ee7a American International Group \u2013 AIG) ph\u00e1t h\u00e0nh v\u00e0 \u0111\u01b0\u1ee3c Travel Guard qu\u1ea3n l\u00fd. Quy\u1ec1n l\u1ee3i b\u1ea3o&#8230;<\/p>","protected":false},"author":2,"featured_media":0,"parent":1066,"menu_order":0,"comment_status":"closed","ping_status":"closed","template":"","meta":{"nf_dc_page":"","om_disable_all_campaigns":false,"_monsterinsights_skip_tracking":false,"_monsterinsights_sitenote_active":false,"_monsterinsights_sitenote_note":"","_monsterinsights_sitenote_category":0,"footnotes":""},"class_list":["post-1373","page","type-page","status-publish","hentry"],"acf":[],"aioseo_notices":[],"_links":{"self":[{"href":"https:\/\/carnivalinus.com\/en\/wp-json\/wp\/v2\/pages\/1373","targetHints":{"allow":["GET"]}}],"collection":[{"href":"https:\/\/carnivalinus.com\/en\/wp-json\/wp\/v2\/pages"}],"about":[{"href":"https:\/\/carnivalinus.com\/en\/wp-json\/wp\/v2\/types\/page"}],"author":[{"embeddable":true,"href":"https:\/\/carnivalinus.com\/en\/wp-json\/wp\/v2\/users\/2"}],"replies":[{"embeddable":true,"href":"https:\/\/carnivalinus.com\/en\/wp-json\/wp\/v2\/comments?post=1373"}],"version-history":[{"count":2,"href":"https:\/\/carnivalinus.com\/en\/wp-json\/wp\/v2\/pages\/1373\/revisions"}],"predecessor-version":[{"id":1375,"href":"https:\/\/carnivalinus.com\/en\/wp-json\/wp\/v2\/pages\/1373\/revisions\/1375"}],"up":[{"embeddable":true,"href":"https:\/\/carnivalinus.com\/en\/wp-json\/wp\/v2\/pages\/1066"}],"wp:attachment":[{"href":"https:\/\/carnivalinus.com\/en\/wp-json\/wp\/v2\/media?parent=1373"}],"curies":[{"name":"wp","href":"https:\/\/api.w.org\/{rel}","templated":true}]}}