{"id":1708,"date":"2026-03-05T16:09:55","date_gmt":"2026-03-06T00:09:55","guid":{"rendered":"https:\/\/carnivalinus.com\/?page_id=1708"},"modified":"2026-03-05T16:11:02","modified_gmt":"2026-03-06T00:11:02","slug":"privacy-policy","status":"publish","type":"page","link":"https:\/\/carnivalinus.com\/en\/privacy-policy\/","title":{"rendered":"Privacy Policy"},"content":{"rendered":"<h1 style=\"text-align: center;\" data-section-id=\"vqltsf\" data-start=\"269\" data-end=\"298\"><strong>PRIVACY POLICY<\/strong><\/h1>\n<h2 data-start=\"299\" data-end=\"318\"><strong data-start=\"299\" data-end=\"318\">Carnival US LLC<\/strong><\/h2>\n<p data-start=\"356\" data-end=\"506\">Carnival US LLC respects your privacy and is committed to protecting your personal information when using our website and services.<\/p>\n<p data-start=\"508\" data-end=\"609\">This policy explains how we collect, use, and protect your personal information.<\/p>\n<h3 data-section-id=\"vi9tte\" data-start=\"616\" data-end=\"649\"><strong>Information we collect<\/strong><\/h3>\n<p data-start=\"651\" data-end=\"747\">When you use the website or register for services, we may collect the following information:<\/p>\n<p data-start=\"749\" data-end=\"940\">\u2022 Full name<br data-start=\"760\" data-end=\"763\" \/>\u2022 Email address<br data-start=\"778\" data-end=\"781\" \/>\u2022 Phone number<br data-start=\"796\" data-end=\"799\" \/>\u2022 Contact address<br data-start=\"816\" data-end=\"819\" \/>\u2022 Passport information (if required for booking travel services)<br data-start=\"884\" data-end=\"887\" \/>\u2022 Payment information<br data-start=\"909\" data-end=\"912\" \/>\u2022 Emergency contact information<\/p>\n<p data-start=\"942\" data-end=\"997\">This information may be collected when you:<\/p>\n<p data-start=\"999\" data-end=\"1149\">\u2022 Register for a tour or pilgrimage<br data-start=\"1029\" data-end=\"1032\" \/>\u2022 Fill out the registration form<br data-start=\"1051\" data-end=\"1054\" \/>\u2022 Contact us via our website<br data-start=\"1089\" data-end=\"1092\" \/>\u2022 Subscribe to receive updates<br data-start=\"1116\" data-end=\"1119\" \/>\u2022 Process payment for services<\/p>\n<h3 data-section-id=\"cutghu\" data-start=\"1156\" data-end=\"1187\"><strong>Purpose of using the information<\/strong><\/h3>\n<p data-start=\"1189\" data-end=\"1244\">Your personal information may be used for:<\/p>\n<p data-start=\"1246\" data-end=\"1477\">\u2022 Processing tour or travel service bookings<br data-start=\"1287\" data-end=\"1290\" \/>\u2022 Arrange services such as airline tickets, hotels, and transportation.<br data-start=\"1349\" data-end=\"1352\" \/>\u2022 Contact you regarding your trip information<br data-start=\"1398\" data-end=\"1401\" \/>\u2022 Provide customer support<br data-start=\"1429\" data-end=\"1432\" \/>\u2022 Send updates about tours or services<\/p>\n<p data-start=\"1479\" data-end=\"1575\">Carnival US LLC only uses information to the extent necessary to provide services to our customers.<\/p>\n<h3 data-section-id=\"1avi83m\" data-start=\"1582\" data-end=\"1604\"><strong>Share information<\/strong><\/h3>\n<p data-start=\"1606\" data-end=\"1723\">To make the trip happen, we may share some necessary information with our travel service partners, including:<\/p>\n<p data-start=\"1725\" data-end=\"1841\">\u2022 airline<br data-start=\"1742\" data-end=\"1745\" \/>\u2022 hotel<br data-start=\"1756\" data-end=\"1759\" \/>shipping company<br data-start=\"1779\" data-end=\"1782\" \/>cruise company<br data-start=\"1801\" data-end=\"1804\" \/>\u2022 tour guide or travel partner<\/p>\n<p data-start=\"1843\" data-end=\"1957\">Carnival US LLC <strong data-start=\"1859\" data-end=\"1956\">We do not sell or exchange your personal information with third parties for commercial purposes.<\/strong>.<\/p>\n<h3 data-section-id=\"12phmno\" data-start=\"1964\" data-end=\"1986\"><strong>Information security<\/strong><\/h3>\n<p data-start=\"1988\" data-end=\"2121\">We take reasonable measures to protect personal information from unauthorized access, loss, or misuse.<\/p>\n<p data-start=\"2123\" data-end=\"2210\">However, no internet data transmission system can guarantee absolute security.<\/p>\n<h3 data-section-id=\"mwv87e\" data-start=\"2217\" data-end=\"2229\"><strong>Cookies<\/strong><\/h3>\n<p data-start=\"2231\" data-end=\"2283\">Our website is available for use. <strong data-start=\"2268\" data-end=\"2279\">newspaper<\/strong> to:<\/p>\n<p data-start=\"2285\" data-end=\"2400\">\u2022 Improve user experience<br data-start=\"2319\" data-end=\"2322\" \/>\u2022 Website traffic analysis<br data-start=\"2360\" data-end=\"2363\" \/>\u2022 Remember user preferences<\/p>\n<p data-start=\"2402\" data-end=\"2458\">You can disable cookies in your browser if you wish.<\/p>\n<h3 data-section-id=\"1jwc0f9\" data-start=\"2465\" data-end=\"2495\"><strong>Link to another website<\/strong><\/h3>\n<p data-start=\"2497\" data-end=\"2571\">Our website may contain links to third-party websites.<\/p>\n<p data-start=\"2573\" data-end=\"2678\">Carnival US LLC is not responsible for the content or privacy policies of these external websites.<\/p>\n<h3 data-section-id=\"s3v893\" data-start=\"2685\" data-end=\"2709\"><strong>Policy update<\/strong><\/h3>\n<p data-start=\"2711\" data-end=\"2787\">Carnival US LLC may update this Privacy Policy as needed.<\/p>\n<p data-start=\"2789\" data-end=\"2866\">The changes will be posted on the website and will take effect immediately upon being updated.<\/p>\n<h3 data-section-id=\"1p3699a\" data-start=\"2873\" data-end=\"2885\"><strong>Contact<\/strong><\/h3>\n<p data-start=\"2887\" data-end=\"2959\">If you have any questions about our Privacy Policy, please contact us:<\/p>\n<p data-start=\"2961\" data-end=\"3032\">Carnival US LLC<br data-start=\"2976\" data-end=\"2979\" \/>2670 S. White Road, Ste# 244<br data-start=\"3007\" data-end=\"3010\" \/>San Jose, CA 95148 USA<\/p>\n<p data-start=\"3034\" data-end=\"3089\">Phone: 669-265-7814<br data-start=\"3058\" data-end=\"3061\" \/>E-mail: <a class=\"decorated-link cursor-pointer\" rel=\"noopener\" data-start=\"3068\" data-end=\"3089\">info@carnivalinus.com<\/a><\/p>\n<h1 style=\"text-align: center;\" data-section-id=\"39nvzp\" data-start=\"3096\" data-end=\"3139\"><strong>Privacy Policy<\/strong><\/h1>\n<h2 data-start=\"7679\" data-end=\"7698\"><strong data-start=\"7679\" data-end=\"7698\">Carnival US LLC<\/strong><\/h2>\n<p data-start=\"7700\" data-end=\"7795\">Carnival US LLC respects your privacy and is committed to protecting your personal information.<\/p>\n<h3 data-section-id=\"1pmvrr9\" data-start=\"7802\" data-end=\"7827\"><strong>Information We Collect<\/strong><\/h3>\n<p data-start=\"7829\" data-end=\"7875\">We may collect personal information including:<\/p>\n<p data-start=\"7877\" data-end=\"8036\">\u2022 Name<br data-start=\"7883\" data-end=\"7886\" \/>Incorrect<br data-start=\"7895\" data-end=\"7898\" \/>\u2022 Email address<br data-start=\"7913\" data-end=\"7916\" \/>\u2022 Phone number<br data-start=\"7930\" data-end=\"7933\" \/>\u2022 Passport details (when required for travel)<br data-start=\"7978\" data-end=\"7981\" \/>\u2022 universal information<br data-start=\"8002\" data-end=\"8005\" \/>\u2022 Emergency contact information<\/p>\n<p data-start=\"8038\" data-end=\"8077\">This information is collected when you:<\/p>\n<p data-start=\"8079\" data-end=\"8186\">Register for a tour<br data-start=\"8100\" data-end=\"8103\" \/>\u2022 contact us through our website<br data-start=\"8135\" data-end=\"8138\" \/>\u2022 submit a travel application<br data-start=\"8167\" data-end=\"8170\" \/>\u2022 Make a payment<\/p>\n<h3 data-section-id=\"1kgpeux\" data-start=\"8193\" data-end=\"8223\"><strong>How We Use Your Information<\/strong><\/h3>\n<p data-start=\"8225\" data-end=\"8257\">Your information may be used to:<\/p>\n<p data-start=\"8259\" data-end=\"8398\">\u2022 process tour registrations<br data-start=\"8287\" data-end=\"8290\" \/>Arrange travel services<br data-start=\"8315\" data-end=\"8318\" \/>\u2022 Communicate tour updates<br data-start=\"8344\" data-end=\"8347\" \/>\u2022 Provide customer support<br data-start=\"8373\" data-end=\"8376\" \/>\u2022 Improve our services<\/p>\n<h3 data-section-id=\"1t7ppa9\" data-start=\"8405\" data-end=\"8427\"><strong>Information Officer<\/strong><\/h3>\n<p data-start=\"8429\" data-end=\"8596\">We may share necessary information with travel suppliers such as airlines, hotels, cruise lines, and transportation providers in order to arrange your travel services.<\/p>\n<p data-start=\"8598\" data-end=\"8655\">Click do <strong data-start=\"8604\" data-end=\"8655\">do not sell personal information to third parties.<\/strong><\/p>\n<h3 data-section-id=\"vy6skj\" data-start=\"8662\" data-end=\"8678\"><strong>Data Security<\/strong><\/h3>\n<p data-start=\"8680\" data-end=\"8789\">Carnival US LLC takes reasonable measures to protect personal information from unauthorized access or misuse.<\/p>\n<h3 data-section-id=\"9xnhyq\" data-start=\"8796\" data-end=\"8806\"><strong>Cookies<\/strong><\/h3>\n<p data-start=\"8808\" data-end=\"8891\">Our website may use cookies to improve user experience and analyze website traffic.<\/p>\n<h3 data-section-id=\"a2jb2d\" data-start=\"8898\" data-end=\"8908\"><strong>Contact<\/strong><\/h3>\n<p data-start=\"8910\" data-end=\"8967\">If you have questions about this Privacy Policy, contact: <strong><a class=\"decorated-link cursor-pointer\" rel=\"noopener\" data-start=\"8969\" data-end=\"8990\">info@carnivalinus.com<\/a><\/strong><\/p>","protected":false},"excerpt":{"rendered":"<p>CH\u00cdNH S\u00c1CH QUY\u1ec0N RI\u00caNG T\u01af Carnival US LLC Carnival US LLC t\u00f4n tr\u1ecdng quy\u1ec1n ri\u00eang t\u01b0 c\u1ee7a qu\u00fd kh\u00e1ch v\u00e0 cam k\u1ebft b\u1ea3o v\u1ec7 th\u00f4ng tin c\u00e1 nh\u00e2n c\u1ee7a qu\u00fd kh\u00e1ch khi s\u1eed d\u1ee5ng website v\u00e0 d\u1ecbch v\u1ee5 c\u1ee7a ch\u00fang t\u00f4i. Ch\u00ednh s\u00e1ch n\u00e0y gi\u1ea3i th\u00edch c\u00e1ch ch\u00fang t\u00f4i thu th\u1eadp, s\u1eed d\u1ee5ng v\u00e0 b\u1ea3o&#8230;<\/p>","protected":false},"author":2,"featured_media":0,"parent":0,"menu_order":0,"comment_status":"closed","ping_status":"closed","template":"","meta":{"nf_dc_page":"","om_disable_all_campaigns":false,"_monsterinsights_skip_tracking":false,"_monsterinsights_sitenote_active":false,"_monsterinsights_sitenote_note":"","_monsterinsights_sitenote_category":0,"footnotes":""},"class_list":["post-1708","page","type-page","status-publish","hentry"],"acf":[],"aioseo_notices":[],"_links":{"self":[{"href":"https:\/\/carnivalinus.com\/en\/wp-json\/wp\/v2\/pages\/1708","targetHints":{"allow":["GET"]}}],"collection":[{"href":"https:\/\/carnivalinus.com\/en\/wp-json\/wp\/v2\/pages"}],"about":[{"href":"https:\/\/carnivalinus.com\/en\/wp-json\/wp\/v2\/types\/page"}],"author":[{"embeddable":true,"href":"https:\/\/carnivalinus.com\/en\/wp-json\/wp\/v2\/users\/2"}],"replies":[{"embeddable":true,"href":"https:\/\/carnivalinus.com\/en\/wp-json\/wp\/v2\/comments?post=1708"}],"version-history":[{"count":1,"href":"https:\/\/carnivalinus.com\/en\/wp-json\/wp\/v2\/pages\/1708\/revisions"}],"predecessor-version":[{"id":1709,"href":"https:\/\/carnivalinus.com\/en\/wp-json\/wp\/v2\/pages\/1708\/revisions\/1709"}],"wp:attachment":[{"href":"https:\/\/carnivalinus.com\/en\/wp-json\/wp\/v2\/media?parent=1708"}],"curies":[{"name":"wp","href":"https:\/\/api.w.org\/{rel}","templated":true}]}}