{"id":350,"date":"2023-08-10T10:51:14","date_gmt":"2023-08-10T10:51:14","guid":{"rendered":"https:\/\/carnivalinus.com\/?page_id=350"},"modified":"2026-04-29T16:23:31","modified_gmt":"2026-04-29T23:23:31","slug":"gioi-thieu","status":"publish","type":"page","link":"https:\/\/carnivalinus.com\/en\/gioi-thieu\/","title":{"rendered":"About Us"},"content":{"rendered":"<h3>Greetings, valued customer!<\/h3>\n<p>Born from a passion for discovering new destinations and the desire to explore new paths, Carnival Group was founded with the mission of delivering unique journeys with the highest quality of service. We aspire to be a trusted travel companion for our guests wherever their journey may lead.<\/p>\n<p>For nearly 20 years, Carnival Group&#039;s staff has successfully launched a series of new tour routes, taking travelers to experience destinations across the globe. 2007 marked a significant growth for Carnival Group, establishing a presence in all three regions of Vietnam: North (Hanoi), Central (Hue), and South (headquarters in Saigon), and consistently ranking as a top-performing travel agency for prestigious tourism organizations such as PATA, JATA, and ASTA.<\/p>\n<p>Attractive itineraries, competitive prices, and excellent service quality are the promises we make to our valued customers. With Carnival Group, you can experience a diverse range of tours: exploring Vietnam, traveling across the globe to admire world wonders, experiencing profound Catholic journeys, embarking on adventurous tours, and immersing yourself in vibrant festivals. Furthermore, there are countless valuable opportunities for business expansion and brand promotion for Vietnamese businesses when participating in trade fairs, exhibitions, MICE tours, golf tours, and more worldwide.<\/p>\n<p>Carnival Group is constantly striving to improve the quality of its services and build a strong reputation within the tourism community. We believe that every amazing journey we provide will leave a lasting positive impression on our travelers. Carnival Group \u2013 With you on every road trip!<\/p>\n<h3>History of formation<\/h3>\n<ul>\n<li>1998: Carnival Group Limited Liability Company was established.<\/li>\n<li>2003: Established a branch office in Hanoi.<\/li>\n<li>2005: Joined prestigious tourism organizations such as PATA, JATA, and ASTA, and also joined business associations such as the Saigon Business Club and the Young Entrepreneurs Club.,<\/li>\n<li>2007: Established a branch office in Hue and joined BNI \u2013 CEO Chapter.<\/li>\n<li>2020: Carnival US is founded.<\/li>\n<\/ul>\n<h3>Title<\/h3>\n<ul>\n<li>The most beloved Vietnamese brand, as certified by Saigon Giai Phong Newspaper.<\/li>\n<li>The most popular brand as voted by readers of Saigon Business Newspaper.<\/li>\n<\/ul>\n<h3>Resources<\/h3>\n<ul>\n<li>The 9T working principles: Friendly, Intelligent, Dedicated, Honest, Respectful, Trustworthy, Confident, Youthful, and Convenient.<\/li>\n<li>The staff is constantly improving and enhancing the quality of service.<\/li>\n<li>Every employee is a valuable asset to Carnival.<\/li>\n<li>Activities aimed at benefiting the community.<\/li>\n<\/ul>\n<h3>Vision<\/h3>\n<p>Carnival is a leading travel brand that provides maximum value services to customers in the tours the company participates in.<\/p>\n<h3>Mission<\/h3>\n<p>To provide customers with long-term benefits and the most unexpected experiences.<br \/>\nWe strive to achieve our goal: &quot;Customer satisfaction and trust in every service.&quot;.<br \/>\nBuilding community groups that share and support each other&#039;s economic and social values.<\/p>\n<h1><strong>Member of:<\/strong><\/h1>\n<p><img decoding=\"async\" loading=\"lazy\" class=\"alignnone size-medium wp-image-767\" src=\"https:\/\/carnivalinus.com\/wp-content\/uploads\/2024\/10\/All_Nippon_Airways_Logo.svg-800x208.png\" alt=\"\" width=\"800\" height=\"208\" srcset=\"https:\/\/carnivalinus.com\/wp-content\/uploads\/2024\/10\/All_Nippon_Airways_Logo.svg-800x208.png 800w, https:\/\/carnivalinus.com\/wp-content\/uploads\/2024\/10\/All_Nippon_Airways_Logo.svg-768x200.png 768w, https:\/\/carnivalinus.com\/wp-content\/uploads\/2024\/10\/All_Nippon_Airways_Logo.svg.png 1200w\" sizes=\"auto, (max-width: 800px) 100vw, 800px\" \/><\/p>\n<p>&nbsp;<\/p>\n<p>&nbsp;<\/p>\n<p><img decoding=\"async\" loading=\"lazy\" class=\"alignnone size-medium wp-image-768\" src=\"https:\/\/carnivalinus.com\/wp-content\/uploads\/2024\/10\/Japan_Airlines_crane_1959.png\" alt=\"\" width=\"250\" height=\"251\" \/><\/p>\n<p>&nbsp;<\/p>\n<p>&nbsp;<\/p>\n<p><img decoding=\"async\" loading=\"lazy\" class=\"alignnone wp-image-769\" src=\"https:\/\/carnivalinus.com\/wp-content\/uploads\/2024\/10\/Korean_Air_Logo-800x96.png\" alt=\"\" width=\"1576\" height=\"189\" srcset=\"https:\/\/carnivalinus.com\/wp-content\/uploads\/2024\/10\/Korean_Air_Logo-800x96.png 800w, https:\/\/carnivalinus.com\/wp-content\/uploads\/2024\/10\/Korean_Air_Logo-1400x168.png 1400w, https:\/\/carnivalinus.com\/wp-content\/uploads\/2024\/10\/Korean_Air_Logo-768x92.png 768w, https:\/\/carnivalinus.com\/wp-content\/uploads\/2024\/10\/Korean_Air_Logo-1536x184.png 1536w, https:\/\/carnivalinus.com\/wp-content\/uploads\/2024\/10\/Korean_Air_Logo.png 2000w\" sizes=\"auto, (max-width: 1576px) 100vw, 1576px\" \/><\/p>\n<p><img decoding=\"async\" loading=\"lazy\" class=\"alignnone wp-image-770\" src=\"https:\/\/carnivalinus.com\/wp-content\/uploads\/2024\/10\/eva-air-logo-800x163.png\" alt=\"\" width=\"1257\" height=\"256\" srcset=\"https:\/\/carnivalinus.com\/wp-content\/uploads\/2024\/10\/eva-air-logo-800x163.png 800w, https:\/\/carnivalinus.com\/wp-content\/uploads\/2024\/10\/eva-air-logo-1400x285.png 1400w, https:\/\/carnivalinus.com\/wp-content\/uploads\/2024\/10\/eva-air-logo-768x156.png 768w, https:\/\/carnivalinus.com\/wp-content\/uploads\/2024\/10\/eva-air-logo-1536x313.png 1536w, https:\/\/carnivalinus.com\/wp-content\/uploads\/2024\/10\/eva-air-logo-2048x417.png 2048w\" sizes=\"auto, (max-width: 1257px) 100vw, 1257px\" \/> <img decoding=\"async\" loading=\"lazy\" class=\"alignleft wp-image-1718 size-medium\" src=\"https:\/\/carnivalinus.com\/wp-content\/uploads\/2026\/03\/og-image-e1773084694309-800x277.jpg\" alt=\"\" width=\"800\" height=\"277\" srcset=\"https:\/\/carnivalinus.com\/wp-content\/uploads\/2026\/03\/og-image-e1773084694309-800x277.jpg 800w, https:\/\/carnivalinus.com\/wp-content\/uploads\/2026\/03\/og-image-e1773084694309-768x266.jpg 768w, https:\/\/carnivalinus.com\/wp-content\/uploads\/2026\/03\/og-image-e1773084694309.jpg 1200w\" sizes=\"auto, (max-width: 800px) 100vw, 800px\" \/><img decoding=\"async\" loading=\"lazy\" class=\"alignnone wp-image-772\" src=\"https:\/\/carnivalinus.com\/wp-content\/uploads\/2024\/10\/IATA-logo.jpg\" alt=\"\" width=\"604\" height=\"274\" \/><\/p>","protected":false},"excerpt":{"rendered":"<p>K\u00ednh ch\u00e0o Qu\u00fd kh\u00e1ch! Kh\u01a1i ngu\u1ed3n t\u1eeb ni\u1ec1m \u0111am m\u00ea kh\u00e1m ph\u00e1 nh\u1eefng mi\u1ec1n \u0111\u1ea5t m\u1edbi, kh\u00e1t khao chinh ph\u1ee5c nh\u1eefng con \u0111\u01b0\u1eddng m\u1edbi, Carnival Group \u0111\u00e3 ra \u0111\u1eddi v\u00e0 ch\u1ecdn cho m\u00ecnh s\u1ee9 m\u1ec7nh \u201cmang \u0111\u1ebfn nh\u1eefng h\u00e0nh tr\u00ecnh \u0111\u1ed9c l\u1ea1 c\u00f9ng ch\u1ea5t l\u01b0\u1ee3ng d\u1ecbch v\u1ee5 t\u1ed1t nh\u1ea5t\u201d. Ch\u00fang t\u00f4i mong mu\u1ed1n \u0111\u01b0\u1ee3c tr\u1edf&#8230;<\/p>","protected":false},"author":2,"featured_media":0,"parent":0,"menu_order":0,"comment_status":"closed","ping_status":"closed","template":"","meta":{"nf_dc_page":"","om_disable_all_campaigns":false,"_monsterinsights_skip_tracking":false,"_monsterinsights_sitenote_active":false,"_monsterinsights_sitenote_note":"","_monsterinsights_sitenote_category":0,"footnotes":""},"class_list":["post-350","page","type-page","status-publish","hentry"],"acf":[],"aioseo_notices":[],"_links":{"self":[{"href":"https:\/\/carnivalinus.com\/en\/wp-json\/wp\/v2\/pages\/350","targetHints":{"allow":["GET"]}}],"collection":[{"href":"https:\/\/carnivalinus.com\/en\/wp-json\/wp\/v2\/pages"}],"about":[{"href":"https:\/\/carnivalinus.com\/en\/wp-json\/wp\/v2\/types\/page"}],"author":[{"embeddable":true,"href":"https:\/\/carnivalinus.com\/en\/wp-json\/wp\/v2\/users\/2"}],"replies":[{"embeddable":true,"href":"https:\/\/carnivalinus.com\/en\/wp-json\/wp\/v2\/comments?post=350"}],"version-history":[{"count":8,"href":"https:\/\/carnivalinus.com\/en\/wp-json\/wp\/v2\/pages\/350\/revisions"}],"predecessor-version":[{"id":2493,"href":"https:\/\/carnivalinus.com\/en\/wp-json\/wp\/v2\/pages\/350\/revisions\/2493"}],"wp:attachment":[{"href":"https:\/\/carnivalinus.com\/en\/wp-json\/wp\/v2\/media?parent=350"}],"curies":[{"name":"wp","href":"https:\/\/api.w.org\/{rel}","templated":true}]}}